{"id":4,"date":"2015-01-14T12:10:23","date_gmt":"2015-01-14T12:10:23","guid":{"rendered":"http:\/\/mehmetnuriinel.com\/?page_id=4"},"modified":"2026-03-14T06:28:47","modified_gmt":"2026-03-14T06:28:47","slug":"deneme","status":"publish","type":"page","link":"https:\/\/www.mehmetnuriinel.com\/?page_id=4","title":{"rendered":"Hakk\u0131mda \/ About Me"},"content":{"rendered":"<p><img loading=\"lazy\" class=\" size-full wp-image-46 alignleft\" src=\"https:\/\/www.mehmetnuriinel.com\/wp-content\/uploads\/2015\/01\/Mehmet_nuri_inel_in_photo.jpg\" alt=\"Mehmet_nuri_inel_in_photo\" width=\"144\" height=\"144\" \/><\/p>\n<p>Lise e\u011fitimini <strong>birincilikle<\/strong>\u00a0tamamlayan \u0130nel, Marmara \u00dcniversitesi \u0130\u015fletme B\u00f6l\u00fcm\u00fc\u2019nden <strong>birincilik<\/strong> derecesiyle mezun olmu\u015ftur. Lisans e\u011fitiminde uzmanl\u0131k alan\u0131 y\u00f6netim ve organizasyondur. Marmara \u00dcniversitesi\u2019nde \u0130\u015fletme Anabilim Dal\u0131 alt\u0131nda yer alan Say\u0131sal Y\u00f6ntemler y\u00fcksek lisans program\u0131n\u0131 da <strong>birincilik<\/strong> derecesiyle tamamlam\u0131\u015ft\u0131r. \u0130\u015fletme Anabilim dal\u0131 Say\u0131sal Y\u00f6ntemler doktora program\u0131n\u0131 <strong>y\u00fcksek onur derecesi<\/strong> ve \u201cOperasyonel M\u00fckemmellik\u201d konusunda yazd\u0131\u011f\u0131 tez ile tamamlayarak doktor unvan\u0131n\u0131 alm\u0131\u015ft\u0131r. Avrupa Kalite Y\u00f6netimi Vakf\u0131&#8217;n\u0131n geli\u015ftirdi\u011fi EFQM M\u00fckemmellik Modeli i\u00e7in \u00f6nce, EFQM Temel E\u011fitimini sonras\u0131nda <strong>EFQM De\u011ferlendirici<\/strong> e\u011fitimini de ba\u015far\u0131yla tamamlayarak EFQM de\u011ferlendiricisi \u00fcnvan\u0131n\u0131 alm\u0131\u015ft\u0131r. <strong>T\u00dcS\u0130AD<\/strong>\u00a0 Dijital Stratejiler ve Yeni Teknolojiler ile Sanayide Dijital D\u00f6n\u00fc\u015f\u00fcm (SD2) <strong>\u00e7al\u0131\u015fma gruplar\u0131 \u00fcyesidir. <\/strong>T\u00dcS\u0130AD&#8217;da<strong> yapay zeka ve teknoloji alan\u0131nda raporlar haz\u0131rlam\u0131\u015ft\u0131r.\u00a0<\/strong><\/p>\n<p>Lisans e\u011fitiminde Alarko Holding\u2019de Organizasyon Metot departman\u0131nda, Do\u011fu\u015f Otomotiv\u2019de DOD markas\u0131 alt\u0131nda sat\u0131\u015f departman\u0131nda; \u00f6ncesinde de perakende sekt\u00f6r\u00fcnde ve hidrolik \u00fcretim sekt\u00f6r\u00fcnde tecr\u00fcbeleri bulunan \u0130nel, 2008 y\u0131l\u0131ndan itibaren Marmara \u00dcniversitesi \u0130\u015fletme Fak\u00fcltesi\u2019nde\u00a0 akademisyen olarak \u00e7al\u0131\u015fmaktad\u0131r.<\/p>\n<p>2012 -2015 y\u0131llar\u0131nda\u00a0\u0130\u015fletme Fak\u00fcltesi <strong>\u0130dari \u0130\u015fler Koordinat\u00f6rl\u00fc\u011f\u00fc<\/strong> g\u00f6revini yapan \u0130nel, May\u0131s 2012 &#8211; May\u0131s 2015 d\u00f6neminde de\u00a0\u0130\u015fletme Fak\u00fcltesi Ara\u015ft\u0131rma G\u00f6revlisi Temsilcili\u011fi ile fak\u00fclte y\u00f6netim kurulu \u00fcyeli\u011fi yapm\u0131\u015ft\u0131r.\u00a0 2017 &#8211; 2020 d\u00f6neminde kurulu\u015funda kurucu koordinat\u00f6r olarak\u00a0 g\u00f6rev ald\u0131\u011f\u0131, alan\u0131nda \u015firketlere ve kurumlara \u00f6nemli \u00f6l\u00e7me de\u011ferlendirme hizmetleri sunarak de\u011fer yaratan\u00a0<strong>Marmara S\u0131nav Merkezi&#8217;nin Koordinat\u00f6rl\u00fc\u011f\u00fcn\u00fc<\/strong>\u00a0yapm\u0131\u015ft\u0131r. \u0130\u015f Analiti\u011fi <strong>Bilim Dal\u0131 Ba\u015fkanl\u0131\u011f\u0131 \/ akademik dan\u0131\u015fmanl\u0131\u011f\u0131n\u0131<\/strong> y\u00fcr\u00fctmektedir. \u0130talya\u2019da <strong>Parma \u00dcniversitesinde \u201cVisiting Associate Prof. olarak \u201cBusiness Development Analytics\u201d<\/strong> dersini vermi\u015ftir.<\/p>\n<p>Profes\u00f6r olan \u0130nel Marmara \u00dcniversitesinde \u0130statistik, Pazarlama Analiti\u011fi, Say\u0131sal Y\u00f6ntemler I,\u00a0 Bilgi Teknolojileri, Finansta Sim\u00fclasyon, Problem \u00c7\u00f6zme Teknikleri, Proje Y\u00f6netimi ve Seminer isimli dersleri vermektedir. Lisans \u00fcst\u00fc dersleri \u0130\u015f Analiti\u011fi, S\u00fcrd\u00fcr\u00fclebilir B\u00fcy\u00fcme ve Kalite Y\u00f6netimi, Uluslararas\u0131 \u0130\u015fletmecilik, Say\u0131sal Y\u00f6ntemler\u00a0 programlar\u0131ndad\u0131r.\u00a0 \u00c7e\u015fitli akademik dergilerde hakemlik yapan \u0130nel&#8217;in doktora, y\u00fcksek lisans tez juri \u00fcyelikleri ve dan\u0131\u015fman\u0131 oldu\u011fu tezler bulunmaktad\u0131r.<\/p>\n<p>\u00c7al\u0131\u015fmakta oldu\u011fu konularda ulusal ve uluslararas\u0131 \u00e7apta d\u00fczenlenen kongrelerde sunulmu\u015f ve yay\u0131nlanm\u0131\u015f bildirileri, ulusal ve uluslararas\u0131 kitap b\u00f6l\u00fcm yazarl\u0131klar\u0131 yan\u0131 s\u0131ra ulusal ve uluslararas\u0131 dergilerde yay\u0131nlanm\u0131\u015f makaleleri ve\u00a0 \u201c<strong>\u0130\u015f Geli\u015ftirme<\/strong> Analiti\u011fi Uygulamalar\u0131\u201d , &#8220;<strong>Perakendecilikte Performans<\/strong> \u00d6l\u00e7\u00fcm\u00fc&#8230;<strong>&#8221; Verilerle M\u00fckemmellik&#8221; <\/strong>ve<strong> &#8220;Stratejiyi Performansa D\u00f6n\u00fc\u015ft\u00fcr&#8221;<\/strong> ad\u0131nda kitaplar\u0131 bulunmaktad\u0131r.<\/p>\n<p>\u00d6zellikle piyasan\u0131n beklentileri\u00a0ve akademik bilginin\u00a0harmanland\u0131\u011f\u0131;\u00a0 i\u015f geli\u015ftirme analiti\u011fi, dijitalle\u015fme, End\u00fcstri 4.0, Big Data, perakendede analitik y\u00f6netim, belirsizlikte karar ve strateji (vuca \u00e7evresi ),\u00a0 verilerle y\u00f6netim,\u00a0 s\u00fcre\u00e7 tasar\u0131m\u0131, analizi iyile\u015ftirme ve geli\u015ftirme,\u00a0 ara\u015ft\u0131rma tasar\u0131m\u0131 ve analizi konular\u0131 ilgi alanlar\u0131d\u0131r.<\/p>\n<p>Prof. Mehmet Nuri \u0130NEL (Ph.D.)<\/p>\n<p>Inel graduated from high school education as highest ranking of school, and Business Administration Department at Marmara University as highest ranking of school. He graduated Quantitative Methods master program at Marmara University as highest ranking of school and Quantitative Methods Ph.D. program under Business Administration Department with a thesis written about Operational Excellence and as had high honor degree.<\/p>\n<p>Inel worked in Alarko Holding&#8217;s organization method department in undergraduate education and sales department in DOD under Do\u011fu\u015f Otomotiv. Earlier, he has retail and production sector experiences. Since 2008, he has been working as an academician at Marmara University Business Administration Faculty.<\/p>\n<p>Inel, worked as Administrative Affairs Coordinator of the Faculty of Business Administration between 2012 and 2015, also worked as the Research Assistant Representative and as Faculty board member in May 2012 and May 2015. \u0130nel has worked <strong>Marmara Exam Center, gives services measurement and assessment for institutions and companies, <\/strong>\u00a0as founder and coordinator between 2017-2020. He is the <strong>Head of Business Analytics Department \/ academic advisor<\/strong><\/p>\n<p>Inel, works as a professor, gives Statistic, Marketing Analytics, Quantitative Methods I and Information Technologies, Simulation At Finance, Problem Solving Methods Project Management and Seminar lessons. His graduate lessons especially are in Business Analytics, Sustainability and Quality Maanagment, International Business and Quantitative Methods programs. He works as a reviewer for many international Journal and also works as jury member of graduate and doctorate thesis. He manages thesis process for master or Ph.D. candidates.<\/p>\n<p>There are articles published in national and international journals and proceedings national and international conventions on topics that they are working in. Inel wrote two books. One of them is titled &#8220;\u0130\u015f Geli\u015ftirme Analiti\u011fi Uygulamalar\u0131&#8221;\u00a0 about business development\u00a0 and analytics. Other is titled &#8220;Perakendecilikte Performans \u00d6l\u00e7\u00fcm\u00fc&#8230;&#8221; about performance measurement for retail sector.\u00a0 He wrote also a chapter about decision making in leadership on &#8220;Liderlik \u00c7al\u0131\u015fmalar\u0131&#8221; book.<\/p>\n<p>He consults and trains as especially the blending of market expectations and academic knowledge; about <strong>Business development analytics, digitalization, Industry 4.0, Big Data, Management with data, decision making, process analysis improvement and development, problem solving techniques, problem solving analytics, research design and analysis topics<\/strong>. He gives a speech for some summits and companies about his researches and interests.<\/p>\n<p>His hobby is to play musical instruments as amateur.<\/p>\n","protected":false},"excerpt":{"rendered":"<p>Lise e\u011fitimini birincilikle\u00a0tamamlayan \u0130nel, Marmara \u00dcniversitesi \u0130\u015fletme B\u00f6l\u00fcm\u00fc\u2019nden birincilik derecesiyle mezun olmu\u015ftur. Lisans e\u011fitiminde uzmanl\u0131k alan\u0131 y\u00f6netim ve organizasyondur. Marmara \u00dcniversitesi\u2019nde \u0130\u015fletme Anabilim Dal\u0131 alt\u0131nda yer alan Say\u0131sal Y\u00f6ntemler y\u00fcksek lisans program\u0131n\u0131 da birincilik derecesiyle tamamlam\u0131\u015ft\u0131r. \u0130\u015fletme Anabilim dal\u0131 Say\u0131sal Y\u00f6ntemler doktora program\u0131n\u0131 y\u00fcksek onur derecesi ve \u201cOperasyonel M\u00fckemmellik\u201d konusunda\u2026<\/p>\n<p class=\"continue-reading-button\"> <a class=\"continue-reading-link\" href=\"https:\/\/www.mehmetnuriinel.com\/?page_id=4\">Continue reading<i class=\"crycon-right-dir\"><\/i><\/a><\/p>\n","protected":false},"author":1,"featured_media":0,"parent":0,"menu_order":0,"comment_status":"closed","ping_status":"open","template":"templates\/template-onecolumn.php","meta":[],"yoast_head":"<!-- This site is optimized with the Yoast SEO plugin v15.3 - https:\/\/yoast.com\/wordpress\/plugins\/seo\/ -->\n<title>Hakk\u0131mda \/ About Me - Prof. Dr. Mehmet Nuri \u0130nel<\/title>\n<meta name=\"robots\" content=\"index, follow, max-snippet:-1, max-image-preview:large, max-video-preview:-1\" \/>\n<link rel=\"canonical\" href=\"https:\/\/www.mehmetnuriinel.com\/?page_id=4\" \/>\n<meta property=\"og:locale\" content=\"tr_TR\" \/>\n<meta property=\"og:type\" content=\"article\" \/>\n<meta property=\"og:title\" content=\"Hakk\u0131mda \/ About Me - Prof. Dr. Mehmet Nuri \u0130nel\" \/>\n<meta property=\"og:description\" content=\"Lise e\u011fitimini birincilikle\u00a0tamamlayan \u0130nel, Marmara \u00dcniversitesi \u0130\u015fletme B\u00f6l\u00fcm\u00fc\u2019nden birincilik derecesiyle mezun olmu\u015ftur. Lisans e\u011fitiminde uzmanl\u0131k alan\u0131 y\u00f6netim ve organizasyondur. Marmara \u00dcniversitesi\u2019nde \u0130\u015fletme Anabilim Dal\u0131 alt\u0131nda yer alan Say\u0131sal Y\u00f6ntemler y\u00fcksek lisans program\u0131n\u0131 da birincilik derecesiyle tamamlam\u0131\u015ft\u0131r. \u0130\u015fletme Anabilim dal\u0131 Say\u0131sal Y\u00f6ntemler doktora program\u0131n\u0131 y\u00fcksek onur derecesi ve \u201cOperasyonel M\u00fckemmellik\u201d konusunda\u2026 Continue reading\" \/>\n<meta property=\"og:url\" content=\"https:\/\/www.mehmetnuriinel.com\/?page_id=4\" \/>\n<meta property=\"og:site_name\" content=\"Prof. Dr. Mehmet Nuri \u0130nel\" \/>\n<meta property=\"article:modified_time\" content=\"2026-03-14T06:28:47+00:00\" \/>\n<meta property=\"og:image\" content=\"https:\/\/www.mehmetnuriinel.com\/wp-content\/uploads\/2015\/01\/Mehmet_nuri_inel_in_photo.jpg\" \/>\n<meta name=\"twitter:card\" content=\"summary_large_image\" \/>\n<meta name=\"twitter:label1\" content=\"Written by\">\n\t<meta name=\"twitter:data1\" content=\"menuin\">\n\t<meta name=\"twitter:label2\" content=\"Tahmini okuma s\u00fcresi\">\n\t<meta name=\"twitter:data2\" content=\"4 dakika\">\n<script type=\"application\/ld+json\" class=\"yoast-schema-graph\">{\"@context\":\"https:\/\/schema.org\",\"@graph\":[{\"@type\":[\"Person\",\"Organization\"],\"@id\":\"https:\/\/www.mehmetnuriinel.com\/#\/schema\/person\/807c17db497f08e9199acf518e237615\",\"name\":\"menuin\",\"image\":{\"@type\":\"ImageObject\",\"@id\":\"https:\/\/www.mehmetnuriinel.com\/#personlogo\",\"inLanguage\":\"tr\",\"url\":\"https:\/\/secure.gravatar.com\/avatar\/0099f9a7bdfbc3eef67b1d835655f5f6?s=96&d=mm&r=g\",\"caption\":\"menuin\"},\"logo\":{\"@id\":\"https:\/\/www.mehmetnuriinel.com\/#personlogo\"}},{\"@type\":\"WebSite\",\"@id\":\"https:\/\/www.mehmetnuriinel.com\/#website\",\"url\":\"https:\/\/www.mehmetnuriinel.com\/\",\"name\":\"Do\\u00e7. Dr. mehmet nuri inel\",\"description\":\"Veriyi Anlamland\\u0131rma Alan\\u0131nda 4 Kitab\\u0131n Yazar\\u0131 | \\u015eirketler i\\u00e7in AI Yol Haritalar\\u0131 Tasarlar\",\"publisher\":{\"@id\":\"https:\/\/www.mehmetnuriinel.com\/#\/schema\/person\/807c17db497f08e9199acf518e237615\"},\"potentialAction\":[{\"@type\":\"SearchAction\",\"target\":\"https:\/\/www.mehmetnuriinel.com\/?s={search_term_string}\",\"query-input\":\"required name=search_term_string\"}],\"inLanguage\":\"tr\"},{\"@type\":\"ImageObject\",\"@id\":\"https:\/\/www.mehmetnuriinel.com\/?page_id=4#primaryimage\",\"inLanguage\":\"tr\",\"url\":\"https:\/\/www.mehmetnuriinel.com\/wp-content\/uploads\/2015\/01\/Mehmet_nuri_inel_in_photo.jpg\",\"width\":144,\"height\":144},{\"@type\":\"WebPage\",\"@id\":\"https:\/\/www.mehmetnuriinel.com\/?page_id=4#webpage\",\"url\":\"https:\/\/www.mehmetnuriinel.com\/?page_id=4\",\"name\":\"Hakk\\u0131mda \/ About Me - Prof. Dr. Mehmet Nuri \\u0130nel\",\"isPartOf\":{\"@id\":\"https:\/\/www.mehmetnuriinel.com\/#website\"},\"primaryImageOfPage\":{\"@id\":\"https:\/\/www.mehmetnuriinel.com\/?page_id=4#primaryimage\"},\"datePublished\":\"2015-01-14T12:10:23+00:00\",\"dateModified\":\"2026-03-14T06:28:47+00:00\",\"inLanguage\":\"tr\",\"potentialAction\":[{\"@type\":\"ReadAction\",\"target\":[\"https:\/\/www.mehmetnuriinel.com\/?page_id=4\"]}]}]}<\/script>\n<!-- \/ Yoast SEO plugin. -->","_links":{"self":[{"href":"https:\/\/www.mehmetnuriinel.com\/index.php?rest_route=\/wp\/v2\/pages\/4"}],"collection":[{"href":"https:\/\/www.mehmetnuriinel.com\/index.php?rest_route=\/wp\/v2\/pages"}],"about":[{"href":"https:\/\/www.mehmetnuriinel.com\/index.php?rest_route=\/wp\/v2\/types\/page"}],"author":[{"embeddable":true,"href":"https:\/\/www.mehmetnuriinel.com\/index.php?rest_route=\/wp\/v2\/users\/1"}],"replies":[{"embeddable":true,"href":"https:\/\/www.mehmetnuriinel.com\/index.php?rest_route=%2Fwp%2Fv2%2Fcomments&post=4"}],"version-history":[{"count":50,"href":"https:\/\/www.mehmetnuriinel.com\/index.php?rest_route=\/wp\/v2\/pages\/4\/revisions"}],"predecessor-version":[{"id":548,"href":"https:\/\/www.mehmetnuriinel.com\/index.php?rest_route=\/wp\/v2\/pages\/4\/revisions\/548"}],"wp:attachment":[{"href":"https:\/\/www.mehmetnuriinel.com\/index.php?rest_route=%2Fwp%2Fv2%2Fmedia&parent=4"}],"curies":[{"name":"wp","href":"https:\/\/api.w.org\/{rel}","templated":true}]}}