{"id":29,"date":"2015-01-16T22:38:19","date_gmt":"2015-01-16T22:38:19","guid":{"rendered":"http:\/\/mehmetnuriinel.com\/?page_id=29"},"modified":"2025-04-28T13:47:33","modified_gmt":"2025-04-28T13:47:33","slug":"iletisim","status":"publish","type":"page","link":"https:\/\/www.mehmetnuriinel.com\/?page_id=29","title":{"rendered":"\u0130leti\u015fim \/ Contact"},"content":{"rendered":"<p><strong>Adres\u00a0 \/ Address\u00a0 \u00a0:<\/strong> \u00a0 T.C. Marmara \u00dcniversitesi G\u00f6ztepe Yerle\u015fkesi; Kad\u0131k\u00f6y\/\u0130STANBUL<span style=\"font-family: Tahoma;\"><b><br \/>\n<\/b><\/span><br \/>\n<strong>Telefon \/ Phone\u00a0 \u00a0:<\/strong>\u00a0 \u00a0+90 (216)\u00a0449 50 45 \/1967<\/p>\n<p><strong>E-posta \/ E-mail\u00a0 \u00a0:<\/strong> mninel@marmara.edu.tr<\/p>\n","protected":false},"excerpt":{"rendered":"<p>Adres\u00a0 \/ Address\u00a0 \u00a0: \u00a0 T.C. Marmara \u00dcniversitesi G\u00f6ztepe Yerle\u015fkesi; Kad\u0131k\u00f6y\/\u0130STANBUL Telefon \/ Phone\u00a0 \u00a0:\u00a0 \u00a0+90 (216)\u00a0449 50 45 \/1967 E-posta \/ E-mail\u00a0 \u00a0: mninel@marmara.edu.tr<\/p>\n<p class=\"continue-reading-button\"> <a class=\"continue-reading-link\" href=\"https:\/\/www.mehmetnuriinel.com\/?page_id=29\">Continue reading<i class=\"crycon-right-dir\"><\/i><\/a><\/p>\n","protected":false},"author":1,"featured_media":0,"parent":0,"menu_order":0,"comment_status":"closed","ping_status":"open","template":"templates\/template-onecolumn.php","meta":[],"yoast_head":"<!-- This site is optimized with the Yoast SEO plugin v15.3 - https:\/\/yoast.com\/wordpress\/plugins\/seo\/ -->\n<title>\u0130leti\u015fim \/ Contact - Prof. Dr. Mehmet Nuri \u0130nel<\/title>\n<meta name=\"robots\" content=\"index, follow, max-snippet:-1, max-image-preview:large, max-video-preview:-1\" \/>\n<link rel=\"canonical\" href=\"https:\/\/www.mehmetnuriinel.com\/?page_id=29\" \/>\n<meta property=\"og:locale\" content=\"tr_TR\" \/>\n<meta property=\"og:type\" content=\"article\" \/>\n<meta property=\"og:title\" content=\"\u0130leti\u015fim \/ Contact - Prof. Dr. Mehmet Nuri \u0130nel\" \/>\n<meta property=\"og:description\" content=\"Adres\u00a0 \/ Address\u00a0 \u00a0: \u00a0 T.C. Marmara \u00dcniversitesi G\u00f6ztepe Yerle\u015fkesi; Kad\u0131k\u00f6y\/\u0130STANBUL Telefon \/ Phone\u00a0 \u00a0:\u00a0 \u00a0+90 (216)\u00a0449 50 45 \/1967 E-posta \/ E-mail\u00a0 \u00a0: mninel@marmara.edu.tr Continue reading\" \/>\n<meta property=\"og:url\" content=\"https:\/\/www.mehmetnuriinel.com\/?page_id=29\" \/>\n<meta property=\"og:site_name\" content=\"Prof. Dr. Mehmet Nuri \u0130nel\" \/>\n<meta property=\"article:modified_time\" content=\"2025-04-28T13:47:33+00:00\" \/>\n<meta name=\"twitter:card\" content=\"summary_large_image\" \/>\n<meta name=\"twitter:label1\" content=\"Written by\">\n\t<meta name=\"twitter:data1\" content=\"menuin\">\n\t<meta name=\"twitter:label2\" content=\"Tahmini okuma s\u00fcresi\">\n\t<meta name=\"twitter:data2\" content=\"0 dakika\">\n<script type=\"application\/ld+json\" class=\"yoast-schema-graph\">{\"@context\":\"https:\/\/schema.org\",\"@graph\":[{\"@type\":[\"Person\",\"Organization\"],\"@id\":\"https:\/\/www.mehmetnuriinel.com\/#\/schema\/person\/807c17db497f08e9199acf518e237615\",\"name\":\"menuin\",\"image\":{\"@type\":\"ImageObject\",\"@id\":\"https:\/\/www.mehmetnuriinel.com\/#personlogo\",\"inLanguage\":\"tr\",\"url\":\"https:\/\/secure.gravatar.com\/avatar\/0099f9a7bdfbc3eef67b1d835655f5f6?s=96&d=mm&r=g\",\"caption\":\"menuin\"},\"logo\":{\"@id\":\"https:\/\/www.mehmetnuriinel.com\/#personlogo\"}},{\"@type\":\"WebSite\",\"@id\":\"https:\/\/www.mehmetnuriinel.com\/#website\",\"url\":\"https:\/\/www.mehmetnuriinel.com\/\",\"name\":\"Do\\u00e7. Dr. mehmet nuri inel\",\"description\":\"Veriyi Anlamland\\u0131rma Alan\\u0131nda 4 Kitab\\u0131n Yazar\\u0131 | \\u015eirketler i\\u00e7in AI Yol Haritalar\\u0131 Tasarlar\",\"publisher\":{\"@id\":\"https:\/\/www.mehmetnuriinel.com\/#\/schema\/person\/807c17db497f08e9199acf518e237615\"},\"potentialAction\":[{\"@type\":\"SearchAction\",\"target\":\"https:\/\/www.mehmetnuriinel.com\/?s={search_term_string}\",\"query-input\":\"required name=search_term_string\"}],\"inLanguage\":\"tr\"},{\"@type\":\"WebPage\",\"@id\":\"https:\/\/www.mehmetnuriinel.com\/?page_id=29#webpage\",\"url\":\"https:\/\/www.mehmetnuriinel.com\/?page_id=29\",\"name\":\"\\u0130leti\\u015fim \/ Contact - Prof. Dr. Mehmet Nuri \\u0130nel\",\"isPartOf\":{\"@id\":\"https:\/\/www.mehmetnuriinel.com\/#website\"},\"datePublished\":\"2015-01-16T22:38:19+00:00\",\"dateModified\":\"2025-04-28T13:47:33+00:00\",\"inLanguage\":\"tr\",\"potentialAction\":[{\"@type\":\"ReadAction\",\"target\":[\"https:\/\/www.mehmetnuriinel.com\/?page_id=29\"]}]}]}<\/script>\n<!-- \/ Yoast SEO plugin. -->","_links":{"self":[{"href":"https:\/\/www.mehmetnuriinel.com\/index.php?rest_route=\/wp\/v2\/pages\/29"}],"collection":[{"href":"https:\/\/www.mehmetnuriinel.com\/index.php?rest_route=\/wp\/v2\/pages"}],"about":[{"href":"https:\/\/www.mehmetnuriinel.com\/index.php?rest_route=\/wp\/v2\/types\/page"}],"author":[{"embeddable":true,"href":"https:\/\/www.mehmetnuriinel.com\/index.php?rest_route=\/wp\/v2\/users\/1"}],"replies":[{"embeddable":true,"href":"https:\/\/www.mehmetnuriinel.com\/index.php?rest_route=%2Fwp%2Fv2%2Fcomments&post=29"}],"version-history":[{"count":7,"href":"https:\/\/www.mehmetnuriinel.com\/index.php?rest_route=\/wp\/v2\/pages\/29\/revisions"}],"predecessor-version":[{"id":521,"href":"https:\/\/www.mehmetnuriinel.com\/index.php?rest_route=\/wp\/v2\/pages\/29\/revisions\/521"}],"wp:attachment":[{"href":"https:\/\/www.mehmetnuriinel.com\/index.php?rest_route=%2Fwp%2Fv2%2Fmedia&parent=29"}],"curies":[{"name":"wp","href":"https:\/\/api.w.org\/{rel}","templated":true}]}}