{"id":252,"date":"2017-04-17T12:30:33","date_gmt":"2017-04-17T12:30:33","guid":{"rendered":"http:\/\/mehmetnuriinel.com\/?page_id=252"},"modified":"2020-11-14T15:45:06","modified_gmt":"2020-11-14T15:45:06","slug":"is-gelistirme-analitigi-uygulamalari","status":"publish","type":"page","link":"https:\/\/www.mehmetnuriinel.com\/?page_id=252","title":{"rendered":"\u0130\u015f Geli\u015ftirme Analiti\u011fi Uygulamalar\u0131"},"content":{"rendered":"<p style=\"text-align: center;\">&#8220;\u0130\u015f Geli\u015ftirme Analiti\u011fi Uygulamalar\u0131&#8221; Kitab\u0131 Hakk\u0131nda&#8230;<\/p>\n<p><a href=\"https:\/\/www.mehmetnuriinel.com\/wp-content\/uploads\/2017\/04\/i\u015f-geli\u015ftirme-analiti\u011fi-uygulamalar\u0131.jpg\"><img loading=\"lazy\" class=\"aligncenter  wp-image-255\" src=\"https:\/\/www.mehmetnuriinel.com\/wp-content\/uploads\/2017\/04\/i\u015f-geli\u015ftirme-analiti\u011fi-uygulamalar\u0131.jpg\" alt=\"i\u015f geli\u015ftirme analiti\u011fi uygulamalar\u0131\" width=\"258\" height=\"352\" srcset=\"https:\/\/www.mehmetnuriinel.com\/wp-content\/uploads\/2017\/04\/i\u015f-geli\u015ftirme-analiti\u011fi-uygulamalar\u0131.jpg 420w, https:\/\/www.mehmetnuriinel.com\/wp-content\/uploads\/2017\/04\/i\u015f-geli\u015ftirme-analiti\u011fi-uygulamalar\u0131-220x300.jpg 220w, https:\/\/www.mehmetnuriinel.com\/wp-content\/uploads\/2017\/04\/i\u015f-geli\u015ftirme-analiti\u011fi-uygulamalar\u0131-110x150.jpg 110w\" sizes=\"(max-width: 258px) 100vw, 258px\" \/><\/a><\/p>\n<p>\u0130\u015f geli\u015ftirme ve i\u015f analiti\u011fi kavramlar\u0131n\u0131n her ge\u00e7en g\u00fcn \u00f6nemi artmaktad\u0131r. Bu kitapta analitik d\u00fc\u015f\u00fcnce \u00e7er\u00e7evesinde bir i\u015fletmede yap\u0131lan ara\u015ft\u0131rma ile al\u0131nan verilerden yararlanarak i\u015f geli\u015ftirme i\u00e7in i\u015f analiti\u011fi tekniklerinin uygulanabilirli\u011fi ve i\u015fletmeye katabilecekleri tart\u0131\u015f\u0131lm\u0131\u015ft\u0131r.<\/p>\n<p>\u0130\u015f geli\u015ftirme amac\u0131yla i\u015f analiti\u011finin tan\u0131mlay\u0131c\u0131, \u00f6ng\u00f6r\u00fcc\u00fc ve kural koyucu analiz ba\u015fl\u0131klar\u0131nda yer alan tekniklerinden ara\u015ft\u0131rmaya g\u00f6re uygun olanlar\u0131n\u0131 kar\u015f\u0131la\u015ft\u0131ran ve sonu\u00e7lar\u0131n\u0131 tart\u0131\u015fan bu kitapta her iki kavram\u0131n a\u00e7\u0131klamalar\u0131na da yer verilmi\u015ftir.<\/p>\n<p>Kitab\u0131n hem ara\u015ft\u0131rmac\u0131lar\u0131n i\u015f geli\u015ftirme ve i\u015f analiti\u011fi kavramlar\u0131n\u0131n birlikteli\u011fini ger\u00e7ek de\u011ferler \u00fczerinden g\u00f6rebilece\u011fi, hem de uygulay\u0131c\u0131lar\u0131n i\u015f analiti\u011fi tekniklerini de\u011ferlendirerek i\u015f geli\u015ftirme i\u00e7in kullanabilece\u011fi bir rehber olmas\u0131 hedeflenmektedir.<\/p>\n","protected":false},"excerpt":{"rendered":"<p>&#8220;\u0130\u015f Geli\u015ftirme Analiti\u011fi Uygulamalar\u0131&#8221; Kitab\u0131 Hakk\u0131nda&#8230; \u0130\u015f geli\u015ftirme ve i\u015f analiti\u011fi kavramlar\u0131n\u0131n her ge\u00e7en g\u00fcn \u00f6nemi artmaktad\u0131r. Bu kitapta analitik d\u00fc\u015f\u00fcnce \u00e7er\u00e7evesinde bir i\u015fletmede yap\u0131lan ara\u015ft\u0131rma ile al\u0131nan verilerden yararlanarak i\u015f geli\u015ftirme i\u00e7in i\u015f analiti\u011fi tekniklerinin uygulanabilirli\u011fi ve i\u015fletmeye katabilecekleri tart\u0131\u015f\u0131lm\u0131\u015ft\u0131r. \u0130\u015f geli\u015ftirme amac\u0131yla i\u015f analiti\u011finin tan\u0131mlay\u0131c\u0131, \u00f6ng\u00f6r\u00fcc\u00fc ve kural\u2026<\/p>\n<p class=\"continue-reading-button\"> <a class=\"continue-reading-link\" href=\"https:\/\/www.mehmetnuriinel.com\/?page_id=252\">Continue reading<i class=\"crycon-right-dir\"><\/i><\/a><\/p>\n","protected":false},"author":1,"featured_media":0,"parent":10,"menu_order":1,"comment_status":"closed","ping_status":"closed","template":"","meta":[],"yoast_head":"<!-- This site is optimized with the Yoast SEO plugin v15.3 - https:\/\/yoast.com\/wordpress\/plugins\/seo\/ -->\n<title>\u0130\u015f Geli\u015ftirme Analiti\u011fi Uygulamalar\u0131 - Prof. Dr. Mehmet Nuri \u0130nel<\/title>\n<meta name=\"robots\" content=\"index, follow, max-snippet:-1, max-image-preview:large, max-video-preview:-1\" \/>\n<link rel=\"canonical\" href=\"https:\/\/www.mehmetnuriinel.com\/?page_id=252\" \/>\n<meta property=\"og:locale\" content=\"tr_TR\" \/>\n<meta property=\"og:type\" content=\"article\" \/>\n<meta property=\"og:title\" content=\"\u0130\u015f Geli\u015ftirme Analiti\u011fi Uygulamalar\u0131 - Prof. Dr. Mehmet Nuri \u0130nel\" \/>\n<meta property=\"og:description\" content=\"&#8220;\u0130\u015f Geli\u015ftirme Analiti\u011fi Uygulamalar\u0131&#8221; Kitab\u0131 Hakk\u0131nda&#8230; \u0130\u015f geli\u015ftirme ve i\u015f analiti\u011fi kavramlar\u0131n\u0131n her ge\u00e7en g\u00fcn \u00f6nemi artmaktad\u0131r. Bu kitapta analitik d\u00fc\u015f\u00fcnce \u00e7er\u00e7evesinde bir i\u015fletmede yap\u0131lan ara\u015ft\u0131rma ile al\u0131nan verilerden yararlanarak i\u015f geli\u015ftirme i\u00e7in i\u015f analiti\u011fi tekniklerinin uygulanabilirli\u011fi ve i\u015fletmeye katabilecekleri tart\u0131\u015f\u0131lm\u0131\u015ft\u0131r. \u0130\u015f geli\u015ftirme amac\u0131yla i\u015f analiti\u011finin tan\u0131mlay\u0131c\u0131, \u00f6ng\u00f6r\u00fcc\u00fc ve kural\u2026 Continue reading\" \/>\n<meta property=\"og:url\" content=\"https:\/\/www.mehmetnuriinel.com\/?page_id=252\" \/>\n<meta property=\"og:site_name\" content=\"Prof. Dr. Mehmet Nuri \u0130nel\" \/>\n<meta property=\"article:modified_time\" content=\"2020-11-14T15:45:06+00:00\" \/>\n<meta property=\"og:image\" content=\"https:\/\/www.mehmetnuriinel.com\/wp-content\/uploads\/2017\/04\/i\u015f-geli\u015ftirme-analiti\u011fi-uygulamalar\u0131.jpg\" \/>\n<meta name=\"twitter:card\" content=\"summary_large_image\" \/>\n<meta name=\"twitter:label1\" content=\"Written by\">\n\t<meta name=\"twitter:data1\" content=\"menuin\">\n\t<meta name=\"twitter:label2\" content=\"Tahmini okuma s\u00fcresi\">\n\t<meta name=\"twitter:data2\" content=\"1 dakika\">\n<script type=\"application\/ld+json\" class=\"yoast-schema-graph\">{\"@context\":\"https:\/\/schema.org\",\"@graph\":[{\"@type\":[\"Person\",\"Organization\"],\"@id\":\"https:\/\/www.mehmetnuriinel.com\/#\/schema\/person\/807c17db497f08e9199acf518e237615\",\"name\":\"menuin\",\"image\":{\"@type\":\"ImageObject\",\"@id\":\"https:\/\/www.mehmetnuriinel.com\/#personlogo\",\"inLanguage\":\"tr\",\"url\":\"https:\/\/secure.gravatar.com\/avatar\/0099f9a7bdfbc3eef67b1d835655f5f6?s=96&d=mm&r=g\",\"caption\":\"menuin\"},\"logo\":{\"@id\":\"https:\/\/www.mehmetnuriinel.com\/#personlogo\"}},{\"@type\":\"WebSite\",\"@id\":\"https:\/\/www.mehmetnuriinel.com\/#website\",\"url\":\"https:\/\/www.mehmetnuriinel.com\/\",\"name\":\"Do\\u00e7. Dr. mehmet nuri inel\",\"description\":\"Veriyi Anlamland\\u0131rma Alan\\u0131nda 4 Kitab\\u0131n Yazar\\u0131 | \\u015eirketler i\\u00e7in AI Yol Haritalar\\u0131 Tasarlar\",\"publisher\":{\"@id\":\"https:\/\/www.mehmetnuriinel.com\/#\/schema\/person\/807c17db497f08e9199acf518e237615\"},\"potentialAction\":[{\"@type\":\"SearchAction\",\"target\":\"https:\/\/www.mehmetnuriinel.com\/?s={search_term_string}\",\"query-input\":\"required name=search_term_string\"}],\"inLanguage\":\"tr\"},{\"@type\":\"ImageObject\",\"@id\":\"https:\/\/www.mehmetnuriinel.com\/?page_id=252#primaryimage\",\"inLanguage\":\"tr\",\"url\":\"https:\/\/www.mehmetnuriinel.com\/wp-content\/uploads\/2017\/04\/i\\u015f-geli\\u015ftirme-analiti\\u011fi-uygulamalar\\u0131.jpg\",\"width\":420,\"height\":572},{\"@type\":\"WebPage\",\"@id\":\"https:\/\/www.mehmetnuriinel.com\/?page_id=252#webpage\",\"url\":\"https:\/\/www.mehmetnuriinel.com\/?page_id=252\",\"name\":\"\\u0130\\u015f Geli\\u015ftirme Analiti\\u011fi Uygulamalar\\u0131 - Prof. Dr. Mehmet Nuri \\u0130nel\",\"isPartOf\":{\"@id\":\"https:\/\/www.mehmetnuriinel.com\/#website\"},\"primaryImageOfPage\":{\"@id\":\"https:\/\/www.mehmetnuriinel.com\/?page_id=252#primaryimage\"},\"datePublished\":\"2017-04-17T12:30:33+00:00\",\"dateModified\":\"2020-11-14T15:45:06+00:00\",\"inLanguage\":\"tr\",\"potentialAction\":[{\"@type\":\"ReadAction\",\"target\":[\"https:\/\/www.mehmetnuriinel.com\/?page_id=252\"]}]}]}<\/script>\n<!-- \/ Yoast SEO plugin. -->","_links":{"self":[{"href":"https:\/\/www.mehmetnuriinel.com\/index.php?rest_route=\/wp\/v2\/pages\/252"}],"collection":[{"href":"https:\/\/www.mehmetnuriinel.com\/index.php?rest_route=\/wp\/v2\/pages"}],"about":[{"href":"https:\/\/www.mehmetnuriinel.com\/index.php?rest_route=\/wp\/v2\/types\/page"}],"author":[{"embeddable":true,"href":"https:\/\/www.mehmetnuriinel.com\/index.php?rest_route=\/wp\/v2\/users\/1"}],"replies":[{"embeddable":true,"href":"https:\/\/www.mehmetnuriinel.com\/index.php?rest_route=%2Fwp%2Fv2%2Fcomments&post=252"}],"version-history":[{"count":5,"href":"https:\/\/www.mehmetnuriinel.com\/index.php?rest_route=\/wp\/v2\/pages\/252\/revisions"}],"predecessor-version":[{"id":370,"href":"https:\/\/www.mehmetnuriinel.com\/index.php?rest_route=\/wp\/v2\/pages\/252\/revisions\/370"}],"up":[{"embeddable":true,"href":"https:\/\/www.mehmetnuriinel.com\/index.php?rest_route=\/wp\/v2\/pages\/10"}],"wp:attachment":[{"href":"https:\/\/www.mehmetnuriinel.com\/index.php?rest_route=%2Fwp%2Fv2%2Fmedia&parent=252"}],"curies":[{"name":"wp","href":"https:\/\/api.w.org\/{rel}","templated":true}]}}