{"id":10,"date":"2015-01-14T23:12:07","date_gmt":"2015-01-14T23:12:07","guid":{"rendered":"http:\/\/mehmetnuriinel.com\/?page_id=10"},"modified":"2025-11-18T13:17:51","modified_gmt":"2025-11-18T13:17:51","slug":"deneme-3","status":"publish","type":"page","link":"https:\/\/www.mehmetnuriinel.com\/?page_id=10","title":{"rendered":"Yay\u0131nlar \/ Publications"},"content":{"rendered":"<p><b><span style=\"text-decoration: underline;\">Tezler \/Thesis<\/span><\/b><\/p>\n<p>Belirsizlik Ortam\u0131nda Fuzzy Finansal Oranlarla Karar Verme (<strong>Y\u00fcksek Lisans<\/strong> Tezi 2011)<\/p>\n<p>Operasyonel M\u00fckemmellik \u00dczerine Bir Model Denemesi (<strong>Doktora<\/strong> Tezi 2015)<\/p>\n<p><strong><span style=\"text-decoration: underline;\">Ulusal Konferanslardaki Bildiriler \/National Conferances<\/span><\/strong><\/p>\n<p>\u00c7ekici Elif, \u0130nel Mehmet Nuri, T\u00fcrk Sigorta Sekt\u00f6r\u00fcn\u00fcn Direkt Prim \u00dcretimi ile Ekonomiye Etkisi 1. <strong>Ulusal Sigorta Ve Akt\u00fcerya Kongresi<\/strong> 6,7 Haziran 2013 Ankara, s. 66- 73<\/p>\n<p>T\u00fcrker, M. Volkan &amp; \u0130nel, Mehmet Nuri; &#8220;Bireylerin Giri\u015fimcili\u011fe Y\u00f6nelik \u00d6z-Yeterlilik \u0130nan\u0131\u015flar\u0131 ile Yenilik\u00e7ilik D\u00fczeylerine \u0130li\u015fkin Alg\u0131lamalar\u0131n\u0131n, Kontrol Oda\u011f\u0131 \u0130nan\u0131\u015flar\u0131 ile Giri\u015fimcilik Y\u00f6nelimleri Aras\u0131ndaki \u0130li\u015fki \u00dczerine Il\u0131mla\u015ft\u0131r\u0131c\u0131 Etkileri: \u00dcniversite \u00d6\u011frencilerine Y\u00f6nelik G\u00f6rg\u00fcl Bir Ara\u015ft\u0131rma&#8221;, <strong>13. Ulusal \u0130\u015fletmecilik Kongresi<\/strong>, T.C. Marmara \u00dcniversitesi, \u0130\u015fletme Fak\u00fcltesi, 8-10 May\u0131s 2014, Antalya<\/p>\n<p>\u0130nel Mehmet Nuri, Y\u0131ld\u0131r\u0131m Hakan, Sim\u00fclasyon Ve \u00c7ok Kriterli Karar Verme Teknikleri \u00dczerine \u00dcretim \u0130\u015fletmesinde Bir Deneme, <strong>16. \u00dcretim Ara\u015ft\u0131rmalar\u0131 Sempozyumu<\/strong> 12-14 Ekim 2016 \u0130stanbul<\/p>\n<p>Y\u0131ld\u0131r\u0131m Hakan, \u0130nel Mehmet Nuri, Operasyonel M\u00fckemmellik \u0130\u00e7in \u0130sraf Sim\u00fclasyonu \u00dczerine Ampirik Bir \u00c7al\u0131\u015fma, <strong>Kamusal Ya\u015famda M\u00fckemmeliyet ve Kalite Konferans\u0131<\/strong> , 17 Kas\u0131m 2017, \u0130zmir<\/p>\n<p>\u0130nel, Mehmet Nuri, <a href=\"https:\/\/www.mehmetnuriinel.com\/wp-content\/uploads\/2023\/11\/Perakendecilikte-Urun-Iyilestirme-Surecleri-Icin-Net-Tavsiye-Skoru.pdf\">Perakendecilikte \u00dcr\u00fcn \u0130yile\u015ftirme S\u00fcre\u00e7leri \u0130\u00e7in Net Tavsiye Skoru (Nps)Kullan\u0131m\u0131 \u00dczerine Deneysel Bir \u00c7al\u0131\u015fma<\/a>, <strong>22. Uluslaras\u0131 \u0130\u015fletmecilik Kongresi<\/strong>, 7 Eyl\u00fcl 2023, \u0130stanbul<\/p>\n<p><strong><span style=\"text-decoration: underline;\">Uluslar aras\u0131 Konferanslardaki Bildiriler \/ International Conferances<\/span><\/strong><\/p>\n<p>T\u00fcrker, M. Volkan and \u0130nel, Mehmet Nuri; \u201cThe effect of locus of control orientation on perceived individual innovativeness: An empirical research in Turkey\u201d, <strong>8th International Strategic Management Conference New Opportunities for Global Collaboration &amp; Strategic Alliances in the Era of \u2018New Normal\u2019<\/strong>, Beykent University, Gebze Institute of Technology, June 21-23, 2012, Barcelona, Spain.<\/p>\n<p>T\u00fcrker, M. Volkan and \u0130nel, Mehmet Nuri; &#8220;Is It Enough To Be Entrepreneurial? Enhancing The \u2018Value Added\u2019 Created By SMEs In Turkey Through Innovation&#8221;, <strong>2nd International Conference on Leadership, Technology and Innovation Management<\/strong>, Beykent University, October 11-13, 2012, Istanbul, Turkey.<\/p>\n<p>T\u00fcrker, M. Volkan &amp; \u0130nel, Mehmet Nuri; &#8220;Is there a relation between entrepreneurial perceptions and national innovation performances? The position of Turkey in Europe&#8221;, <strong>2nd International Congress Age of New Economy and New Jobs: Economy of Values, Sustainability, Responsibility and Health<\/strong>, Zdravi Grad, World Health Organization, Collaborating Centre for Occupational Health and University of Zagreb, School of Medicine, Andrija \u0160tampar School of Public Health, Center for Promotion of Public Health, 28-29 November 2012, Zagreb, Croatia\/Hrvatska.<\/p>\n<p>T\u00fcrker, M. Volkan and \u0130nel, Mehmet Nuri; &#8220;Is There A Significant Difference In Transformational Leadership Behavior Between Managers Who Have Different Personality Types? An Empirical Research&#8221; <strong>11 th International Strategic Management Conference <\/strong>July 23-25, 2015 Vienna-Austria<\/p>\n<p>\u0130nel, Mehmet Nuri &amp; T\u00fcrker, M. Volkan , Is There A Difference In Terms Of The Given Importance Of Motivators That Affect Job Selection Decisions Between Different Personality Types? An Empirical Research, <strong>17th Eurasia Business and Economics Society Conference, <\/strong>October 15-17, 2015, Venice, Italy<\/p>\n<p>Y\u0131lmaz, G\u00fcl\u015fe and \u0130nel, Mehmet Nuri &#8220;A Balanced Scorecard Approach and a Model Proposal for Institutional Sustainability Measurement&#8221; <strong>2nd International Sustainability Congress,<\/strong> October 26-28, 2017, Istanbul, Turkey<\/p>\n<p>\u0130nel Mehmet Nuri &#8221; <a href=\"https:\/\/www.mehmetnuriinel.com\/wp-content\/uploads\/2023\/09\/An-Empirical-Check-Up-Approach-Using-Data.pdf\">An Empirical Check-Up Approach Using Data Analytics for Sustainability in Micro, Small and Medium-Sized Enterprises<\/a>&#8221; <strong>16th SCF International Conferance on Sustainable Development in a Global Perspective, <\/strong>28-29th April 2023, Istanbul\/Turkey<\/p>\n<p>\u0130nel, Mehmet Nuri, <a href=\"https:\/\/www.mehmetnuriinel.com\/wp-content\/uploads\/2023\/12\/Is-There-an-Effective-Approach-to-Measure-Capital.pdf\">Is There an Effective Approach to Measure Capital Via Integrating Thinking for Companies?<\/a>, <strong>17th SCF International Conference on Sustainable Development in a Global Perspective<\/strong>, 6-7th October 2023, Istanbul\/Turkey<\/p>\n<p><strong><span style=\"text-decoration: underline;\">Makaleler \/ Articles<\/span><\/strong><\/p>\n<p>Y\u0131ld\u0131r\u0131m Hakan , \u0130nel Mehmet Nuri (2012), &#8220;<a href=\"https:\/\/dergipark.org.tr\/tr\/download\/article-file\/3891\">Muhasebe Denetiminde \u00d6rnekleme Tekniklerinin De\u011ferlendirilmesi \u00dczerine Bir \u0130nceleme<\/a>&#8220;, <strong>Marmara \u00dcniversitesi \u0130.\u0130.B.F. Dergisi<\/strong>, 2012\/1 261-276<\/p>\n<p>T\u00fcrker, M. Volkan &amp; \u0130nel, Mehmet Nuri (2012); &#8220;<a href=\"https:\/\/www.sciencedirect.com\/science\/article\/pii\/S1877042812045284\">The Effect of Locus of Control Orientation on Perceived Individual Innovativeness: An Empirical Research in Turkey<\/a>&#8220;, <strong>Procedia &#8211; Social and Behavioral Sciences<\/strong>, Volume 58, 12 October 2012, Pages 879-888. (<a href=\"https:\/\/www.sciencedirect.com\/science\/article\/pii\/S1877042812045284\">Makaleyi PDF format\u0131nda indirmek i\u00e7in l\u00fctfen t\u0131klay\u0131n\u0131z<\/a>).<\/p>\n<p>T\u00fcrker, M. Volkan &amp; \u0130nel, Mehmet Nuri (2013) ; &#8220;<a href=\"https:\/\/core.ac.uk\/download\/pdf\/82063989.pdf\">Is it Enough to be Entrepreneurial? Enhancing the \u2018Value Added\u2019 Created by SMEs in Turkey through Innovation<\/a>&#8220;, <strong>Procedia &#8211; Social and Behavioral Sciences<\/strong>, Volume 75, 3 April 2013, Pages 397-406. (<a href=\"https:\/\/www.sciencedirect.com\/science\/article\/pii\/S1877042813005806\">Makaleyi PDF format\u0131nda indirmek i\u00e7in l\u00fctfen t\u0131klay\u0131n\u0131z<\/a>).<\/p>\n<p>Erarslan Duygu, Deniz Nevin, Y\u0131ld\u0131r\u0131m Hakan, \u0130nel Mehmet Nuri (2013), <a href=\"https:\/\/dergipark.org.tr\/tr\/download\/article-file\/165791\">\u0130\u015fe Al\u0131m S\u00fcrecinde \u0130\u00e7 Kaynaklardan Yararlanma Politikas\u0131n\u0131n \u00c7al\u0131\u015fanlar\u0131n \u00d6rg\u00fcte Ba\u011fl\u0131l\u0131\u011f\u0131 \u00dczerindeki Etkisi<\/a>, <strong>Marmara \u00dcniversitesi Sosyal Bilimler Enstit\u00fcs\u00fc \u00d6neri Dergisi,<\/strong> cilt 10 say\u0131 39,2013, 11-21<\/p>\n<p>\u00c7ekici Elif, \u0130nel Mehmet Nuri (2013), <a href=\"https:\/\/www.acarindex.com\/pdfler\/2722-35.pdf\">T\u00fcrk Sigorta Sekt\u00f6r\u00fcn\u00fcn Direkt Prim \u00dcretimlerinin Tahmin Teknikleri \u0130le \u0130ncelenmesi<\/a>, <strong>Marmara \u00dcniversitesi \u0130.\u0130.B. Dergisi<\/strong> cilt 34, 2013\/1 s.135-152<\/p>\n<p>\u00c7ekici Elif, \u0130nel Mehmet Nuri (2013), T\u00fcrk Sigorta Sekt\u00f6r\u00fcn\u00fcn Direkt Prim \u00dcretimi \u0130le GSY\u0130H\u2019ya Etkisi, <strong>Sigorta Ara\u015ft\u0131rmalar\u0131 Dergisi<\/strong>, Say\u0131 10, Aral\u0131k 2013, s.27-37<\/p>\n<p>Bozo\u011flu Bat\u0131 G\u00fclg\u00f6n\u00fcl, \u0130nel Mehmet Nuri (2015), <a href=\"https:\/\/dergipark.org.tr\/tr\/download\/article-file\/165891\">Kad\u0131n Giri\u015fimcilerin Profili Ba\u011flam\u0131nda \u00c7at\u0131\u015fma D\u00fczeyleri Ve Yat\u0131r\u0131m Tercihleri:Yalova \u0130li \u00dczerine \u0130nceleme<\/a>, <strong>Marmara \u00dcniversitesi Sosyal Bilimler Enstit\u00fcs\u00fc \u00d6neri Dergisi, <\/strong>Cilt 11, Say\u0131 44, Temmuz 2015 s.101-119<\/p>\n<p>\u0130nel Mehmet Nuri, Eti Serkan, Y\u0131ld\u0131r\u0131m Hakan (2016), \u201c<a href=\"https:\/\/www.researchgate.net\/publication\/317400048_A_Comparison_of_Artificial_Neural_Network_and_Decision_Tree_for_Profitability_in_Technology_Sector\">A Comparison Of Artificial Neural Network And Decision Tree For Profitability In Technology Sector<\/a>\u201d, <strong>International Journal of Development Research<\/strong>, Vol 6 Issue 7, July 2016 s. 8417-8421<\/p>\n<p>Eti Serkan, \u0130nel Mehmet Nuri (2016) \u201c<a href=\"https:\/\/www.researchgate.net\/publication\/317400155_A_research_on_comparison_of_regression_models_explaining_the_profitability_base_on_financial_data\">A Research on Comparison of Regression Models Explaining the Profitability Base on Financial Data<\/a> <strong>The Internat\u0131onal Journal Of Bus\u0131ness &amp; Management<\/strong>, Vol 4 Issue 10, October 2016 s. 470-475<\/p>\n<p>\u0130nel Mehmet Nuri, Y\u0131ld\u0131r\u0131m Hakan (2016), <a href=\"https:\/\/dergipark.org.tr\/tr\/download\/article-file\/461429\">Operasyonel M\u00fckemmellik \u00dczerine \u0130sraflar \u0130\u00e7in Bir Model Denemesi<\/a>, <strong>Anadolu \u00dcniversitesi Sosyal Bilimler Dergisi<\/strong> 2016 Kas\u0131m \u00d6zel Say\u0131s\u0131, s. 243-257<\/p>\n<p>T\u00fcrker Malik Volkan, \u0130nel Mehmet Nuri (2016), <a href=\"https:\/\/dergipark.org.tr\/tr\/download\/article-file\/270788\">Is There A Relation Between Entrepreneurial Perceptions and National Innovation Performances? The position of Turkey in Europe<\/a>, <strong>Marmara Business Review<\/strong>, Vol 1, Issue 1, Jun. sf. 51-62<\/p>\n<p>\u0130nel Mehmet Nuri,T\u00fcrker Malik Volkan (2016). <a href=\"https:\/\/dergipark.org.tr\/tr\/download\/article-file\/282340\">Ulusal \u0130novasyon Performans\u0131n\u0131n \u00d6l\u00e7\u00fcm\u00fc \u0130\u00e7in \u00c7ok Nitelikli Karar Verme Teknikleri \u0130le Bir Model Denemesi<\/a>. <strong>Marmara \u00dcniversitesi \u0130ktisadi ve \u0130dari Bilimler Dergisi.<\/strong> Cilt 38. 2, sf 147-166<\/p>\n<p>\u0130nel Mehmet Nuri, Armutlulu \u0130smail Hakk\u0131 (2016). <a href=\"https:\/\/dergipark.org.tr\/tr\/download\/article-file\/282339\">Belirsizlik Ortam\u0131nda Fuzzy Finansal Oranlarla Karar Verme<\/a><i>.<\/i> <strong>Marmara \u00dcniversitesi \u0130ktisadi ve \u0130dari Bilimler Dergisi<\/strong>. Cilt 38. 2, sf. 129-145<\/p>\n<p>\u0130nel Mehmet Nuri (2017). <a href=\"https:\/\/core.ac.uk\/download\/pdf\/249335635.pdf\">An Essay on Simulation and Multi Criteria Decision Making Methods in Production Enterprise<\/a>, <strong>International Journal of Sciences: Basic and Applied Research (IJSBAR), <\/strong>Vol.31, No.3, s. 165-172<\/p>\n<p>\u0130nel Mehmet Nuri (2017) &#8220;<a href=\"https:\/\/www.researchgate.net\/publication\/314648418_A_Study_on_Agreement_Analysis_in_Job_Selection_Decisions_With_Respect_To_Locus_of_Control\">A Study on Agreement Analysis in Job Selection Decisions With Respect To Locus of Control<\/a>&#8220;, <strong>Business and Economic Research, <\/strong>Vol. 7, No. 1, s. 87-99<\/p>\n<p>Sevim Burak, \u0130nel Mehmet Nuri (2017) \u201c<a href=\"https:\/\/www.internationaljournalcorner.com\/index.php\/theijbm\/article\/view\/123414\/84576\">A Study on Optimization of Dead Kilometer: Case of Istanbul Metrobus (BRT) System<\/a>&#8221; <strong>The Internat\u0131onal Journal Of Bus\u0131ness &amp; Management<\/strong>, Vol. 5 Issue 2, February 2017 s. 206-2014<\/p>\n<p>\u0130nel, Mehmet Nuri, T\u00fcrker, M. Volkan (2017) &#8221; <a href=\"https:\/\/www.researchgate.net\/publication\/322230429_IS_THERE_A_DIFFERENCE_IN_TERMS_OF_THE_GIVEN_IMPORTANCE_OF_MOTIVATORS_THAT_AFFECT_JOB_SELECTION_DECISIONS_BETWEEN_DIFFERENT_PERSONALITY_TYPES_AN_EMPIRICAL_RESEARCH\">Is There A Difference In Terms Of The Given Importance Of Motivators That Affect Job Selection Decisions Between Different Personality Types? An Empirical Research<\/a>&#8220;, <strong>Marmara Business Review<\/strong><b>,<\/b><span style=\"color: #000000;\"> Vol. 2 Issue 2, <\/span><span style=\"color: #000000;\">s. 169-181<\/span><\/p>\n<p>Y\u0131lmaz G\u00fcl\u015fe, \u0130nel Mehmet Nuri (2018); &#8220;<a href=\"https:\/\/www.ssoar.info\/ssoar\/bitstream\/handle\/document\/55665\/ssoar-ijbass-2018-1-ylmaz_et_al-Assessment_of_sustainability_performances_of.pdf?sequence=1\">Assessment of Sustainability Performances of Banks by TOPSIS Method and Balanced Scorecard Approach<\/a> &#8221; <strong>International Journal of Business and Applied Social Science <\/strong>Vol.4 Issue 1, January 2018, s. 62-75<\/p>\n<p>Y\u0131ld\u0131r\u0131m Hakan, \u0130nel Mehmet Nuri (2018). <a href=\"https:\/\/dergipark.org.tr\/tr\/download\/article-file\/703805\">Operasyonel M\u00fckemmellik \u0130\u00e7in \u0130sraf Sim\u00fclasyonu \u00dczerine Ampirik Bir \u00c7al\u0131\u015fma <\/a>Organizasyon ve Y\u00f6netim Bilimleri Dergisi. Cilt 10. s. 64-73<\/p>\n<p>\u0130nel Mehmet Nuri.(2019) <i><a href=\"https:\/\/www.researchgate.net\/publication\/330527140_An_empirical_study_on_measurement_of_efficiency_of_digital_transformation_by_using_data_envelopment_analysis\">An empirical study on measurement ofefficiency of digital transformation by using data envelopment analysis<\/a>.<\/i> Management Science Letters. Cilt 9. sf 549-556, 2019. (<a href=\"https:\/\/www.growingscience.com\/msl\/Vol9\/msl_2019_49.pdf\" target=\"_blank\" rel=\"noopener noreferrer\">Yay\u0131na Ula\u015fmak \u0130\u00e7in T\u0131klay\u0131n\u0131z<\/a>)<\/p>\n<p>Eti Serkan, \u0130nel Mehmet Nuri (2019). <a href=\"https:\/\/www.researchgate.net\/publication\/338221590_A_Research_on_the_Comparison_of_Classification_Algorithm_in_Finance\"> A Research on the Comparison of Classification Algorithm in Finance<\/a>, Contadur\u00eda y Administraci\u00f3n , 65 (4)<\/p>\n<p>\u015eeng\u00fcler Hasan, \u0130nel Mehmet Nuri (2022). <a href=\"https:\/\/dergipark.org.tr\/tr\/download\/article-file\/1943068\">Finansal Verilere Dayal\u0131 Marka De\u011feri Belirlemeye Y\u00f6nelik Yapay Zek\u00e2 Temelli Ampirik Bir \u00c7al\u0131\u015fma<\/a>. Sosyoekonomi, 30(53), 395-424.<\/p>\n<p>Eti Serkan, \u0130nel Mehmet Nuri (2022). <a href=\"https:\/\/dergipark.org.tr\/tr\/download\/article-file\/2070262\">K\u00fcmeleme ve Tasarruf Algoritmas\u0131 Yard\u0131m\u0131yla Sipari\u015f Toplama Problemi \u00dczerine Ampirik Bir Uygulama<\/a>. Journal of Research in Business, 7, 80-90.<\/p>\n<p>\u0130nel, Mehmet Nuri (2023). <a href=\"https:\/\/dergipark.org.tr\/tr\/download\/article-file\/3250721\">Ma\u011faza Lokasyonu Se\u00e7iminde \u00c7ok Kriterli Karar Verme ve K\u00fcmeleme Tekniklerinin Kullan\u0131ld\u0131\u011f\u0131 Deneysel Bir \u00c7al\u0131\u015fma<\/a>. Journal Of Research \u0130n Business, 8(2), 600-615.<\/p>\n<p>\u0130nel, Mehmet Nuri (2024). <a href=\"https:\/\/dergipark.org.tr\/tr\/pub\/muiibd\/issue\/83245\/1497500#article_cite\">Avrupa Birli\u011fi Aday \u00dclkelerine Yap\u0131lan Do\u011frudan Yabanc\u0131 Yat\u0131r\u0131mlar\u0131 \u00dczerine Tahmin Teknikleri Kar\u015f\u0131la\u015ft\u0131rmas\u0131.<\/a> Marmara \u00dcniversitesi \u0130ktisadi Ve \u0130dari Bilimler Dergisi, 46(1), 106-128.<\/p>\n<p>Sar\u0131o\u011flu Ebru, \u0130nel Mehmet Nuri (2024). <a href=\"https:\/\/dergipark.org.tr\/tr\/pub\/maruoneri\/issue\/86349\/1464977#article_cite\">M\u00fc\u015fteri Segmentasyon Modellerinin Kar\u015f\u0131la\u015ft\u0131r\u0131lmas\u0131 \u00dczerine Ampirik Bir Ara\u015ft\u0131rma.<\/a> \u00d6neri Dergisi, 19(62), 130-145.<\/p>\n<p>\u0130nel, M.N., Eti, S. <a href=\"https:\/\/link.springer.com\/article\/10.1007\/s10660-025-10047-7\">An approach proposal MAIRCA and LDA analysis based for process improvement with customer comments in retail<\/a>.\u00a0<i>Electron Commer Res<\/i>\u00a0(2025).<\/p>\n<p><strong><span style=\"text-decoration: underline;\">Kitap \/ Book<\/span><\/strong><\/p>\n<p>\u0130nel Mehmet Nuri; <a title=\"\u0130\u015f Geli\u015ftirme Analiti\u011fi Uygulamalar\u0131\" href=\"https:\/\/www.mehmetnuriinel.com\/?page_id=252\"><strong>\u0130\u015f Geli\u015ftirme Analiti\u011fi Uygulamalar\u0131,<\/strong><\/a> Beta Yay\u0131nlar\u0131, \u0130stanbul, 2017.<\/p>\n<p>\u0130nel Mehmet Nuri; <a href=\"https:\/\/www.betayayincilik.com\/perakendecilikte-performans-olcumu-arastirmasi-ve-p-3562012\"><strong>Perakendecilikte Performans \u00d6l\u00e7\u00fcm\u00fc Ara\u015ft\u0131rmas\u0131 ve Sim\u00fclasyon Tabanl\u0131 Metriklerin \u0130statistiksel Analizi,<\/strong><\/a> Beta Yay\u0131nlar\u0131, \u0130stanbul. 2019.<\/p>\n<p>\u0130nel Mehmet Nuri; <strong><a href=\"https:\/\/www.betayayincilik.com\/verilerle-mukemmellik-p-35445951\">Verilerle M\u00fckemmellik, Operasyonel M\u00fckemmellik ve S\u00fcre\u00e7 Analiti\u011fi Uygulamalar\u0131,<\/a><\/strong> Beta Yay\u0131nlar\u0131, \u0130stanbul. 2024.<\/p>\n<p>\u0130nel Mehmet Nuri; <strong><a href=\"https:\/\/www.betayayincilik.com\/stratejiyi-performansa-donustur-p-35473761\">Stratejiyi Performansa D\u00f6n\u00fc\u015ft\u00fcr,<\/a><\/strong> Beta Yay\u0131nlar\u0131, \u0130stanbul. 2024.<\/p>\n<p><strong><span style=\"text-decoration: underline;\">Kitapta B\u00f6l\u00fcm \/ Book Chapters<\/span><\/strong><\/p>\n<p>\u0130nel Mehmet Nuri; &#8220;Karar Verme Sezgi ve Liderlik: D\u00fc\u015fleri Ger\u00e7e\u011fe \u00c7evirmek&#8221;, <strong>Liderlik \u00c7al\u0131\u015fmalar\u0131<\/strong> (Edit\u00f6r: Dr. M\u00fcge Leyla Y\u0131ld\u0131z), Beta Yay\u0131nlar\u0131, \u0130stanbul, 2013.<\/p>\n<p>T\u00fcrker Malik Volkan, \u0130nel Mehmet Nuri, Bako\u011flu Refika, Kocamaz \u0130lke, &#8220;Yetkinlik Analizi&#8221; <strong>\u00dcniversitelerde Strateji Geli\u015ftirme S\u00fcrecinde Uygulamal\u0131 Durum Analizleri<\/strong>, (Edit\u00f6r: Prof. Dr. Refika Bako\u011flu, Do\u00e7. Dr. M\u00fcge Leyla Y\u0131ld\u0131z) Beta Yay\u0131nlar\u0131, \u0130stanbul, 2016<\/p>\n<p>Y\u0131lmaz, G\u00fcl\u015fe and \u0130nel, Mehmet Nuri , Multidisciplinary Approach to Sustainability&#8221; Chapter &#8220;<strong>A Balanced Scorecard Approach and a Model Proposal for Institutional Sustainability Measurement<\/strong>&#8221; IJOPEC Publication Limited, December 2017<\/p>\n","protected":false},"excerpt":{"rendered":"<p>Tezler \/Thesis Belirsizlik Ortam\u0131nda Fuzzy Finansal Oranlarla Karar Verme (Y\u00fcksek Lisans Tezi 2011) Operasyonel M\u00fckemmellik \u00dczerine Bir Model Denemesi (Doktora Tezi 2015) Ulusal Konferanslardaki Bildiriler \/National Conferances \u00c7ekici Elif, \u0130nel Mehmet Nuri, T\u00fcrk Sigorta Sekt\u00f6r\u00fcn\u00fcn Direkt Prim \u00dcretimi ile Ekonomiye Etkisi 1. Ulusal Sigorta Ve Akt\u00fcerya Kongresi 6,7 Haziran 2013\u2026<\/p>\n<p class=\"continue-reading-button\"> <a class=\"continue-reading-link\" href=\"https:\/\/www.mehmetnuriinel.com\/?page_id=10\">Continue reading<i class=\"crycon-right-dir\"><\/i><\/a><\/p>\n","protected":false},"author":1,"featured_media":0,"parent":0,"menu_order":0,"comment_status":"closed","ping_status":"open","template":"templates\/template-onecolumn.php","meta":[],"yoast_head":"<!-- This site is optimized with the Yoast SEO plugin v15.3 - https:\/\/yoast.com\/wordpress\/plugins\/seo\/ -->\n<title>Yay\u0131nlar \/ Publications - Prof. Dr. Mehmet Nuri \u0130nel<\/title>\n<meta name=\"robots\" content=\"index, follow, max-snippet:-1, max-image-preview:large, max-video-preview:-1\" \/>\n<link rel=\"canonical\" href=\"https:\/\/www.mehmetnuriinel.com\/?page_id=10\" \/>\n<meta property=\"og:locale\" content=\"tr_TR\" \/>\n<meta property=\"og:type\" content=\"article\" \/>\n<meta property=\"og:title\" content=\"Yay\u0131nlar \/ Publications - Prof. Dr. Mehmet Nuri \u0130nel\" \/>\n<meta property=\"og:description\" content=\"Tezler \/Thesis Belirsizlik Ortam\u0131nda Fuzzy Finansal Oranlarla Karar Verme (Y\u00fcksek Lisans Tezi 2011) Operasyonel M\u00fckemmellik \u00dczerine Bir Model Denemesi (Doktora Tezi 2015) Ulusal Konferanslardaki Bildiriler \/National Conferances \u00c7ekici Elif, \u0130nel Mehmet Nuri, T\u00fcrk Sigorta Sekt\u00f6r\u00fcn\u00fcn Direkt Prim \u00dcretimi ile Ekonomiye Etkisi 1. Ulusal Sigorta Ve Akt\u00fcerya Kongresi 6,7 Haziran 2013\u2026 Continue reading\" \/>\n<meta property=\"og:url\" content=\"https:\/\/www.mehmetnuriinel.com\/?page_id=10\" \/>\n<meta property=\"og:site_name\" content=\"Prof. Dr. Mehmet Nuri \u0130nel\" \/>\n<meta property=\"article:modified_time\" content=\"2025-11-18T13:17:51+00:00\" \/>\n<meta name=\"twitter:card\" content=\"summary_large_image\" \/>\n<meta name=\"twitter:label1\" content=\"Written by\">\n\t<meta name=\"twitter:data1\" content=\"menuin\">\n\t<meta name=\"twitter:label2\" content=\"Tahmini okuma s\u00fcresi\">\n\t<meta name=\"twitter:data2\" content=\"6 dakika\">\n<script type=\"application\/ld+json\" class=\"yoast-schema-graph\">{\"@context\":\"https:\/\/schema.org\",\"@graph\":[{\"@type\":[\"Person\",\"Organization\"],\"@id\":\"https:\/\/www.mehmetnuriinel.com\/#\/schema\/person\/807c17db497f08e9199acf518e237615\",\"name\":\"menuin\",\"image\":{\"@type\":\"ImageObject\",\"@id\":\"https:\/\/www.mehmetnuriinel.com\/#personlogo\",\"inLanguage\":\"tr\",\"url\":\"https:\/\/secure.gravatar.com\/avatar\/0099f9a7bdfbc3eef67b1d835655f5f6?s=96&d=mm&r=g\",\"caption\":\"menuin\"},\"logo\":{\"@id\":\"https:\/\/www.mehmetnuriinel.com\/#personlogo\"}},{\"@type\":\"WebSite\",\"@id\":\"https:\/\/www.mehmetnuriinel.com\/#website\",\"url\":\"https:\/\/www.mehmetnuriinel.com\/\",\"name\":\"Do\\u00e7. Dr. mehmet nuri inel\",\"description\":\"Veriyi Anlamland\\u0131rma Alan\\u0131nda 4 Kitab\\u0131n Yazar\\u0131 | \\u015eirketler i\\u00e7in AI Yol Haritalar\\u0131 Tasarlar\",\"publisher\":{\"@id\":\"https:\/\/www.mehmetnuriinel.com\/#\/schema\/person\/807c17db497f08e9199acf518e237615\"},\"potentialAction\":[{\"@type\":\"SearchAction\",\"target\":\"https:\/\/www.mehmetnuriinel.com\/?s={search_term_string}\",\"query-input\":\"required name=search_term_string\"}],\"inLanguage\":\"tr\"},{\"@type\":\"WebPage\",\"@id\":\"https:\/\/www.mehmetnuriinel.com\/?page_id=10#webpage\",\"url\":\"https:\/\/www.mehmetnuriinel.com\/?page_id=10\",\"name\":\"Yay\\u0131nlar \/ Publications - Prof. Dr. Mehmet Nuri \\u0130nel\",\"isPartOf\":{\"@id\":\"https:\/\/www.mehmetnuriinel.com\/#website\"},\"datePublished\":\"2015-01-14T23:12:07+00:00\",\"dateModified\":\"2025-11-18T13:17:51+00:00\",\"inLanguage\":\"tr\",\"potentialAction\":[{\"@type\":\"ReadAction\",\"target\":[\"https:\/\/www.mehmetnuriinel.com\/?page_id=10\"]}]}]}<\/script>\n<!-- \/ Yoast SEO plugin. -->","_links":{"self":[{"href":"https:\/\/www.mehmetnuriinel.com\/index.php?rest_route=\/wp\/v2\/pages\/10"}],"collection":[{"href":"https:\/\/www.mehmetnuriinel.com\/index.php?rest_route=\/wp\/v2\/pages"}],"about":[{"href":"https:\/\/www.mehmetnuriinel.com\/index.php?rest_route=\/wp\/v2\/types\/page"}],"author":[{"embeddable":true,"href":"https:\/\/www.mehmetnuriinel.com\/index.php?rest_route=\/wp\/v2\/users\/1"}],"replies":[{"embeddable":true,"href":"https:\/\/www.mehmetnuriinel.com\/index.php?rest_route=%2Fwp%2Fv2%2Fcomments&post=10"}],"version-history":[{"count":46,"href":"https:\/\/www.mehmetnuriinel.com\/index.php?rest_route=\/wp\/v2\/pages\/10\/revisions"}],"predecessor-version":[{"id":543,"href":"https:\/\/www.mehmetnuriinel.com\/index.php?rest_route=\/wp\/v2\/pages\/10\/revisions\/543"}],"wp:attachment":[{"href":"https:\/\/www.mehmetnuriinel.com\/index.php?rest_route=%2Fwp%2Fv2%2Fmedia&parent=10"}],"curies":[{"name":"wp","href":"https:\/\/api.w.org\/{rel}","templated":true}]}}